{"id":1093,"date":"2015-07-10T15:29:12","date_gmt":"2015-07-10T15:29:12","guid":{"rendered":"http:\/\/danielgomezpsicologia.com\/ca\/home-wide\/"},"modified":"2019-08-19T17:10:05","modified_gmt":"2019-08-19T17:10:05","slug":"inici","status":"publish","type":"page","link":"https:\/\/danielgomezpsicologia.com\/ca\/","title":{"rendered":"Inici"},"content":{"rendered":"<div class=\"wpb-content-wrapper\"><p>[vc_row][vc_column]<div class=\"sc_content content_wrap home1_wide_block1\" data-animation=\"animated fadeInUp normal\"><div class=\"columns_wrap sc_columns columns_nofluid sc_columns_count_3\"><div class=\"column-1_3 sc_column_item sc_column_item_1 odd first\"><figure class=\"sc_image  sc_image_shape_square\" style=\"img-responsive\"><img decoding=\"async\" data-src=\"https:\/\/danielgomezpsicologia.com\/wp-content\/uploads\/2015\/07\/foto-presentacion.jpg\" alt=\"\" src=\"data:image\/svg+xml;base64,PHN2ZyB3aWR0aD0iMSIgaGVpZ2h0PSIxIiB4bWxucz0iaHR0cDovL3d3dy53My5vcmcvMjAwMC9zdmciPjwvc3ZnPg==\" class=\"lazyload\" style=\"--smush-placeholder-width: 1000px; --smush-placeholder-aspect-ratio: 1000\/1000;\" data-srcset=\"https:\/\/danielgomezpsicologia.com\/wp-content\/uploads\/2015\/07\/foto-presentacion.jpg 1000w, https:\/\/danielgomezpsicologia.com\/wp-content\/uploads\/2015\/07\/foto-presentacion-150x150.jpg 150w, https:\/\/danielgomezpsicologia.com\/wp-content\/uploads\/2015\/07\/foto-presentacion-300x300.jpg 300w, https:\/\/danielgomezpsicologia.com\/wp-content\/uploads\/2015\/07\/foto-presentacion-768x768.jpg 768w, https:\/\/danielgomezpsicologia.com\/wp-content\/uploads\/2015\/07\/foto-presentacion-870x870.jpg 870w, https:\/\/danielgomezpsicologia.com\/wp-content\/uploads\/2015\/07\/foto-presentacion-390x390.jpg 390w, https:\/\/danielgomezpsicologia.com\/wp-content\/uploads\/2015\/07\/foto-presentacion-75x75.jpg 75w\" data-sizes=\"auto\" data-original-sizes=\"(max-width: 1000px) 100vw, 1000px\" \/><\/figure><\/div><div class=\"column-2_3 sc_column_item sc_column_item_2 even span_2\">[vc_column_text]<\/p>\n<p style=\"text-align: justify;\"><strong>Implicar-me en cada proc\u00e9s amb els cinc sentits: observar cada moviment, atendre cada paraula, guiar-me per l&#8217;olfacte, treballar amb tacte i assaborir l&#8217;experi\u00e8ncia \u00edntegrament. <\/strong><br \/>\n<strong>El cam\u00ed de l&#8217;aprenentatge i el creixement comporta incertesa i canvi, per\u00f2 un sempre surt enfortit i m\u00e9s conscient. T&#8217;atreveixes?<\/strong><\/p>\n<p style=\"text-align: justify;\">Llicenciat en Psicologia, Terapeuta Gestalt, Expert en Ter\u00e0pia Familiar i de Parella i M\u00e0ster en psicologia cl\u00ednica des del model Cognitiu-conductual. Estudis musicals en l&#8217;especialitat de trompa (Grau Mitj\u00e0).<\/p>\n<p style=\"text-align: justify;\">Actualment desenvolupo la meva activitat professional com a psic\u00f2leg cl\u00ednic en consulta privada, psic\u00f2leg en l&#8217;\u00e0mbit de la discapacitat intel\u00b7lectual i com tallerista i formador.<\/p>\n<p><a href=\"https:\/\/es.linkedin.com\/in\/danielgomezpsicologo\"><i class=\"fa fa-linkedin-square fa-2x \" ><\/i><\/a>\u00a0<a href=\"https:\/\/www.facebook.com\/DanielGomezPsicologia\"><i class=\"fa fa-facebook-square fa-2x \" ><\/i><\/a>\u00a0<a href=\"skype:consulta_156?call\"><i class=\"fa fa-skype fa-2x \" ><\/i><\/a>[\/vc_column_text]<\/div><\/div><\/div>[\/vc_column][\/vc_row][vc_row][vc_column]<div class=\"sc_content content_wrap\" data-animation=\"animated fadeInUp normal\" style=\"margin-top:5rem !important;margin-bottom:4.61538rem !important;\"><div id=\"sc_services_945701705\" class=\"sc_services sc_services_style_services-1 sc_services_type_icons  sc_slider_nopagination sc_slider_nocontrols\" style=\"width:100%;\" data-interval=\"9103\" data-slides-per-view=\"3\"><div class=\"sc_columns columns_wrap\"><div class=\"column-1_3 column_padding_bottom\">\t\t\t<div id=\"sc_services_945701705_1\"\t\t\t\tclass=\"sc_services_item sc_services_item_1 odd first\"\n\t\t\t\t>\n\t\t\t\t<h4 class=\"sc_services_item_title\">\n                            <a href=\"https:\/\/danielgomezpsicologia.com\/ca\/services\/formacio\/\"><span class=\"sc_icon icon-comment-1\"><\/span>Formaci\u00f3<\/a><\/h4>\t\t\t\t<div class=\"sc_services_item_content\">\n\t\t\t\t\t<div class=\"sc_services_item_description\">\n\t\t\t\t\t\t<p>La formaci\u00f3 ens aporta, en qualsevol \u00e0mbit de la vida, coneixements i experi\u00e8ncia, ens transporta a un lloc d&#8217;interessos compartits en el...<\/p><a href=\"https:\/\/danielgomezpsicologia.com\/ca\/services\/formacio\/\" class=\"sc_services_item_readmore\">M\u00e9s informaci\u00f3<span class=\"icon-right-2\"><\/span><\/a>\t\t\t\t\t<\/div>\n\t\t\t\t<\/div>\n\t\t\t<\/div>\n\t\t<\/div><div class=\"column-1_3 column_padding_bottom\">\t\t\t<div id=\"sc_services_945701705_2\"\t\t\t\tclass=\"sc_services_item sc_services_item_2 even\"\n\t\t\t\t>\n\t\t\t\t<h4 class=\"sc_services_item_title\">\n                            <a href=\"https:\/\/danielgomezpsicologia.com\/ca\/services\/musica\/\"><span class=\"sc_icon icon-note2\"><\/span>M\u00fasica<\/a><\/h4>\t\t\t\t<div class=\"sc_services_item_content\">\n\t\t\t\t\t<div class=\"sc_services_item_description\">\n\t\t\t\t\t\t<p>La passi\u00f3 \u00e9s el motor dels grans projectes, el meu \u00e9s ajudar a professionals i estudiants a donar el m\u00e0xim de si mateixos&#8230;<\/p><a href=\"https:\/\/danielgomezpsicologia.com\/ca\/services\/musica\/\" class=\"sc_services_item_readmore\">M\u00e9s informaci\u00f3<span class=\"icon-right-2\"><\/span><\/a>\t\t\t\t\t<\/div>\n\t\t\t\t<\/div>\n\t\t\t<\/div>\n\t\t<\/div><div class=\"column-1_3 column_padding_bottom\">\t\t\t<div id=\"sc_services_945701705_3\"\t\t\t\tclass=\"sc_services_item sc_services_item_3 odd\"\n\t\t\t\t>\n\t\t\t\t<h4 class=\"sc_services_item_title\">\n                            <a href=\"https:\/\/danielgomezpsicologia.com\/ca\/services\/terapia\/\"><span class=\"sc_icon icon-users-group\"><\/span>Ter\u00e0pia<\/a><\/h4>\t\t\t\t<div class=\"sc_services_item_content\">\n\t\t\t\t\t<div class=\"sc_services_item_description\">\n\t\t\t\t\t\t<p>La meva formaci\u00f3 i experi\u00e8ncia em permeten apropar-me a les dificultats de l&#8217;altre amb el major respecte, tacte i lliurament, la qual cosa...<\/p><a href=\"https:\/\/danielgomezpsicologia.com\/ca\/services\/terapia\/\" class=\"sc_services_item_readmore\">M\u00e9s informaci\u00f3<span class=\"icon-right-2\"><\/span><\/a>\t\t\t\t\t<\/div>\n\t\t\t\t<\/div>\n\t\t\t<\/div>\n\t\t<\/div><\/div><\/div><\/div>[\/vc_column][\/vc_row][vc_row][vc_column]<div class=\"sc_content content_wrap\" data-animation=\"animated fadeInUp normal\" style=\"margin-top:5.84661rem !important;\"><div class=\"columns_wrap sc_columns columns_nofluid sc_columns_count_7\"><div class=\"column-7_7 sc_column_item sc_column_item_1 odd first span_7\"><div id=\"sc_blogger_1823839969\" class=\"sc_blogger layout_colored_1 template_portfolio  sc_blogger_vertical\"><h1 class=\"sc_blogger_title sc_item_title\">Actualitat<\/h1><h6 class=\"sc_blogger_descr sc_item_descr\">\u00faltimes novetats<\/h6><div class=\"isotope_wrap\" data-columns=\"1\">\t\t\t<div class=\"isotope_item isotope_item_colored isotope_item_colored_1 isotope_column_1\n\t\t\t\t\t\t\">\n\t\t\t\t<div class=\"post_item post_item_colored post_item_colored_1\n\t\t\t\t\tpost_format_standard odd\">\n\n\t\t\t\t\t<div class=\"post_content isotope_item_content\">\n\t\t\t\t\t\t<div class=\"post_featured img\">\n\t\t\t\t\t\t\t<a href=\"https:\/\/danielgomezpsicologia.com\/ca\/maternitat\/\"><img decoding=\"async\" class=\"wp-post-image lazyload\" width=\"300\" height=\"300\" alt=\"Maternitat\" data-src=\"https:\/\/danielgomezpsicologia.com\/wp-content\/uploads\/2020\/06\/ALEIX-4-300x300.jpg\" src=\"data:image\/svg+xml;base64,PHN2ZyB3aWR0aD0iMSIgaGVpZ2h0PSIxIiB4bWxucz0iaHR0cDovL3d3dy53My5vcmcvMjAwMC9zdmciPjwvc3ZnPg==\" style=\"--smush-placeholder-width: 300px; --smush-placeholder-aspect-ratio: 300\/300;\" data-srcset=\"https:\/\/danielgomezpsicologia.com\/wp-content\/uploads\/2020\/06\/ALEIX-4-300x300.jpg 300w, https:\/\/danielgomezpsicologia.com\/wp-content\/uploads\/2020\/06\/ALEIX-4-150x150.jpg 150w, https:\/\/danielgomezpsicologia.com\/wp-content\/uploads\/2020\/06\/ALEIX-4-870x870.jpg 870w, https:\/\/danielgomezpsicologia.com\/wp-content\/uploads\/2020\/06\/ALEIX-4-390x390.jpg 390w, https:\/\/danielgomezpsicologia.com\/wp-content\/uploads\/2020\/06\/ALEIX-4-75x75.jpg 75w\" data-sizes=\"auto\" data-original-sizes=\"(max-width: 300px) 100vw, 300px\"><\/a>\t\t\t\t\t\t<\/div>\n\n\t\t\t\t\t\t<div class=\"post_content clearfix\">\n\t\t\t\t\t\t\t<h4 class=\"post_title\"><a href=\"https:\/\/danielgomezpsicologia.com\/ca\/maternitat\/\">Maternitat<\/a><\/h4>\n\t\t\t\t\t\t\t<div class=\"post_category\">\n\t\t\t\t\t\t\t\t<a class=\"category_link\" href=\"https:\/\/danielgomezpsicologia.com\/ca\/category\/blog-2\/\">Blog<\/a>, <a class=\"category_link\" href=\"https:\/\/danielgomezpsicologia.com\/ca\/category\/blog-2\/colaboracions\/\">Col\u00b7laboracions<\/a>\t\t\t\t\t\t\t<\/div>\n\t\t\t\t\t\t\t\t\t\t\t\t\t\t<div class=\"post_descr\">\n\t\t\t\t\t\t\t\t<p>La maternitat no comen\u00e7a sols quan tens un nen\/a, \u00e9s un proc\u00e9s complexe, que en el meu cas va comen\u00e7ar a estar present abans de la concepci\u00f3. Sovint escoltem a alguna amiga o coneguda que s\u2019ha quedat embarassada, per\u00f2 quant de temps porten intentant ser pares? I c\u00f3m ha sigut aquest proc\u00e9s? El meu desig <\/p>\t\t\t\t\t\t\t<\/div>\n\t\t\t\t\t\t\t\t\t\t\t\t\t\t\t<div class=\"post_buttons\">\n\t\t\t\t\t\t\t\t\t<a href=\"https:\/\/danielgomezpsicologia.com\/ca\/maternitat\/\" class=\"sc_button sc_button_square sc_button_style_filled sc_button_bg_link sc_button_size_small  sc_button_iconed icon-right-2\">M\u00e9s informaci\u00f3<\/a>\t\t\t\t\t\t\t\t<\/div>\n\t\t\t\t\t\t\t\t\t\t\t\t\t<\/div>\n\t\t\t\t\t<\/div>\t\t\t\t<!-- \/.post_content -->\n\t\t\t\t<\/div>\t<!-- \/.post_item -->\n\t\t\t<\/div>\t\t\t\t\t\t<!-- \/.isotope_item -->\n\t\t\t\t\t\t<div class=\"isotope_item isotope_item_colored isotope_item_colored_1 isotope_column_1\n\t\t\t\t\t\t\">\n\t\t\t\t<div class=\"post_item post_item_colored post_item_colored_1\n\t\t\t\t\tpost_format_standard even\">\n\n\t\t\t\t\t<div class=\"post_content isotope_item_content\">\n\t\t\t\t\t\t<div class=\"post_featured img\">\n\t\t\t\t\t\t\t<a href=\"https:\/\/danielgomezpsicologia.com\/ca\/escacs\/\"><img decoding=\"async\" class=\"wp-post-image lazyload\" width=\"300\" height=\"300\" alt=\"Escacs\" data-src=\"https:\/\/danielgomezpsicologia.com\/wp-content\/uploads\/2019\/09\/Photo-14-03-2019-16-12-13-300x300.jpg\" src=\"data:image\/svg+xml;base64,PHN2ZyB3aWR0aD0iMSIgaGVpZ2h0PSIxIiB4bWxucz0iaHR0cDovL3d3dy53My5vcmcvMjAwMC9zdmciPjwvc3ZnPg==\" style=\"--smush-placeholder-width: 300px; --smush-placeholder-aspect-ratio: 300\/300;\" data-srcset=\"https:\/\/danielgomezpsicologia.com\/wp-content\/uploads\/2019\/09\/Photo-14-03-2019-16-12-13-300x300.jpg 300w, https:\/\/danielgomezpsicologia.com\/wp-content\/uploads\/2019\/09\/Photo-14-03-2019-16-12-13-150x150.jpg 150w, https:\/\/danielgomezpsicologia.com\/wp-content\/uploads\/2019\/09\/Photo-14-03-2019-16-12-13-870x870.jpg 870w, https:\/\/danielgomezpsicologia.com\/wp-content\/uploads\/2019\/09\/Photo-14-03-2019-16-12-13-390x390.jpg 390w, https:\/\/danielgomezpsicologia.com\/wp-content\/uploads\/2019\/09\/Photo-14-03-2019-16-12-13-75x75.jpg 75w\" data-sizes=\"auto\" data-original-sizes=\"(max-width: 300px) 100vw, 300px\"><\/a>\t\t\t\t\t\t<\/div>\n\n\t\t\t\t\t\t<div class=\"post_content clearfix\">\n\t\t\t\t\t\t\t<h4 class=\"post_title\"><a href=\"https:\/\/danielgomezpsicologia.com\/ca\/escacs\/\">Escacs<\/a><\/h4>\n\t\t\t\t\t\t\t<div class=\"post_category\">\n\t\t\t\t\t\t\t\t<a class=\"category_link\" href=\"https:\/\/danielgomezpsicologia.com\/ca\/category\/blog-2\/colaboracions\/\">Col\u00b7laboracions<\/a>\t\t\t\t\t\t\t<\/div>\n\t\t\t\t\t\t\t\t\t\t\t\t\t\t<div class=\"post_descr\">\n\t\t\t\t\t\t\t\t<p>Fa unes setmanes, anava caminant pels carrers d&#8217;Amsterdam, concentrada en els meus pensaments, i amb ll\u00e0grimes en els ulls. Em turmentaven diverses emocions alhora, i no era capa\u00e7 de gestionar-les b\u00e9. Estava molt trista, enfadada, frustrada, ofesa, nost\u00e0lgica, i una infinitat d&#8217;adjectius que no sabria ni com comen\u00e7ar a descriure. M&#8217;havien passat diverses coses alhora, <\/p>\t\t\t\t\t\t\t<\/div>\n\t\t\t\t\t\t\t\t\t\t\t\t\t\t\t<div class=\"post_buttons\">\n\t\t\t\t\t\t\t\t\t<a href=\"https:\/\/danielgomezpsicologia.com\/ca\/escacs\/\" class=\"sc_button sc_button_square sc_button_style_filled sc_button_bg_link sc_button_size_small  sc_button_iconed icon-right-2\">M\u00e9s informaci\u00f3<\/a>\t\t\t\t\t\t\t\t<\/div>\n\t\t\t\t\t\t\t\t\t\t\t\t\t<\/div>\n\t\t\t\t\t<\/div>\t\t\t\t<!-- \/.post_content -->\n\t\t\t\t<\/div>\t<!-- \/.post_item -->\n\t\t\t<\/div>\t\t\t\t\t\t<!-- \/.isotope_item -->\n\t\t\t\t\t\t<div class=\"isotope_item isotope_item_colored isotope_item_colored_1 isotope_column_1\n\t\t\t\t\t\t\">\n\t\t\t\t<div class=\"post_item post_item_colored post_item_colored_1\n\t\t\t\t\tpost_format_standard odd last\">\n\n\t\t\t\t\t<div class=\"post_content isotope_item_content\">\n\t\t\t\t\t\t<div class=\"post_featured img\">\n\t\t\t\t\t\t\t<a href=\"https:\/\/danielgomezpsicologia.com\/ca\/la-corda-guia\/\"><img decoding=\"async\" class=\"wp-post-image lazyload\" width=\"300\" height=\"300\" alt=\"La corda guia\" data-src=\"https:\/\/danielgomezpsicologia.com\/wp-content\/uploads\/2019\/08\/La-corda-guia-300x300.jpg\" src=\"data:image\/svg+xml;base64,PHN2ZyB3aWR0aD0iMSIgaGVpZ2h0PSIxIiB4bWxucz0iaHR0cDovL3d3dy53My5vcmcvMjAwMC9zdmciPjwvc3ZnPg==\" style=\"--smush-placeholder-width: 300px; --smush-placeholder-aspect-ratio: 300\/300;\" data-srcset=\"https:\/\/danielgomezpsicologia.com\/wp-content\/uploads\/2019\/08\/La-corda-guia-300x300.jpg 300w, https:\/\/danielgomezpsicologia.com\/wp-content\/uploads\/2019\/08\/La-corda-guia-150x150.jpg 150w, https:\/\/danielgomezpsicologia.com\/wp-content\/uploads\/2019\/08\/La-corda-guia-390x390.jpg 390w, https:\/\/danielgomezpsicologia.com\/wp-content\/uploads\/2019\/08\/La-corda-guia-75x75.jpg 75w\" data-sizes=\"auto\" data-original-sizes=\"(max-width: 300px) 100vw, 300px\"><\/a>\t\t\t\t\t\t<\/div>\n\n\t\t\t\t\t\t<div class=\"post_content clearfix\">\n\t\t\t\t\t\t\t<h4 class=\"post_title\"><a href=\"https:\/\/danielgomezpsicologia.com\/ca\/la-corda-guia\/\">La corda guia<\/a><\/h4>\n\t\t\t\t\t\t\t<div class=\"post_category\">\n\t\t\t\t\t\t\t\t<a class=\"category_link\" href=\"https:\/\/danielgomezpsicologia.com\/ca\/category\/blog-2\/\">Blog<\/a>, <a class=\"category_link\" href=\"https:\/\/danielgomezpsicologia.com\/ca\/category\/blog-2\/colaboracions\/\">Col\u00b7laboracions<\/a>\t\t\t\t\t\t\t<\/div>\n\t\t\t\t\t\t\t\t\t\t\t\t\t\t<div class=\"post_descr\">\n\t\t\t\t\t\t\t\t<p>El que durant anys i anys havia estat un mar en calma, de cop i volta, sense saber-ne molt b\u00e9 la causa, aquest comen\u00e7a a moure\u2019s i agitar. De sobte, perds de vista la terra ferma i et sents a la deriva, desorientada i sense saber quina direcci\u00f3 emprendre (quina sensaci\u00f3 tan estranya i desagradable!). <\/p>\t\t\t\t\t\t\t<\/div>\n\t\t\t\t\t\t\t\t\t\t\t\t\t\t\t<div class=\"post_buttons\">\n\t\t\t\t\t\t\t\t\t<a href=\"https:\/\/danielgomezpsicologia.com\/ca\/la-corda-guia\/\" class=\"sc_button sc_button_square sc_button_style_filled sc_button_bg_link sc_button_size_small  sc_button_iconed icon-right-2\">M\u00e9s informaci\u00f3<\/a>\t\t\t\t\t\t\t\t<\/div>\n\t\t\t\t\t\t\t\t\t\t\t\t\t<\/div>\n\t\t\t\t\t<\/div>\t\t\t\t<!-- \/.post_content -->\n\t\t\t\t<\/div>\t<!-- \/.post_item -->\n\t\t\t<\/div>\t\t\t\t\t\t<!-- \/.isotope_item -->\n\t\t\t<\/div><div class=\"sc_blogger_button sc_item_button\"><a href=\"\/blog\/\" class=\"sc_button sc_button_square sc_button_style_border sc_button_bg_user sc_button_size_small  sc_button_iconed inherit\">M\u00e9s not\u00edcies<\/a><\/div><\/div><\/div><\/div><\/div>[\/vc_column][\/vc_row]<\/p>\n<\/div>","protected":false},"excerpt":{"rendered":"<p>[vc_row][vc_column][\/vc_column][\/vc_row][vc_row][vc_column][\/vc_column][\/vc_row][vc_row][vc_column][\/vc_column][\/vc_row]<\/p>\n","protected":false},"author":3,"featured_media":0,"parent":0,"menu_order":0,"comment_status":"closed","ping_status":"closed","template":"","meta":{"footnotes":""},"class_list":["post-1093","page","type-page","status-publish","hentry"],"yoast_head":"<!-- This site is optimized with the Yoast SEO plugin v27.0 - https:\/\/yoast.com\/product\/yoast-seo-wordpress\/ -->\n<title>Daniel Gomez | Psicolog\u00eda en Reus y Tarragona.<\/title>\n<meta name=\"description\" content=\"Llicenciat en Psicologia, Terapeuta Gestalt, Expert en Ter\u00e0pia Familiar i de Parella i M\u00e0ster en psicologia cl\u00ednica des del model Cognitiu-conductual.\" \/>\n<meta name=\"robots\" content=\"index, follow, max-snippet:-1, max-image-preview:large, max-video-preview:-1\" \/>\n<link rel=\"canonical\" href=\"https:\/\/danielgomezpsicologia.com\/\" \/>\n<meta property=\"og:locale\" content=\"ca_ES\" \/>\n<meta property=\"og:type\" content=\"article\" \/>\n<meta property=\"og:title\" content=\"Daniel Gomez | Psicolog\u00eda en Reus y Tarragona.\" \/>\n<meta property=\"og:description\" content=\"Llicenciat en Psicologia, Terapeuta Gestalt, Expert en Ter\u00e0pia Familiar i de Parella i M\u00e0ster en psicologia cl\u00ednica des del model Cognitiu-conductual.\" \/>\n<meta property=\"og:url\" content=\"https:\/\/danielgomezpsicologia.com\/\" \/>\n<meta property=\"og:site_name\" content=\"Daniel Gomez | Psic\u00f3logo en Reus\" \/>\n<meta property=\"article:modified_time\" content=\"2019-08-19T17:10:05+00:00\" \/>\n<meta name=\"twitter:card\" content=\"summary_large_image\" \/>\n<meta name=\"twitter:label1\" content=\"Temps estimat de lectura\" \/>\n\t<meta name=\"twitter:data1\" content=\"1 minut\" \/>\n<script type=\"application\/ld+json\" class=\"yoast-schema-graph\">{\"@context\":\"https:\/\/schema.org\",\"@graph\":[{\"@type\":\"WebPage\",\"@id\":\"https:\/\/danielgomezpsicologia.com\/\",\"url\":\"https:\/\/danielgomezpsicologia.com\/\",\"name\":\"Daniel Gomez | Psicolog\u00eda en Reus y Tarragona.\",\"isPartOf\":{\"@id\":\"https:\/\/danielgomezpsicologia.com\/#website\"},\"datePublished\":\"2015-07-10T15:29:12+00:00\",\"dateModified\":\"2019-08-19T17:10:05+00:00\",\"description\":\"Llicenciat en Psicologia, Terapeuta Gestalt, Expert en Ter\u00e0pia Familiar i de Parella i M\u00e0ster en psicologia cl\u00ednica des del model Cognitiu-conductual.\",\"breadcrumb\":{\"@id\":\"https:\/\/danielgomezpsicologia.com\/#breadcrumb\"},\"inLanguage\":\"ca\",\"potentialAction\":[{\"@type\":\"ReadAction\",\"target\":[\"https:\/\/danielgomezpsicologia.com\/\"]}]},{\"@type\":\"BreadcrumbList\",\"@id\":\"https:\/\/danielgomezpsicologia.com\/#breadcrumb\",\"itemListElement\":[{\"@type\":\"ListItem\",\"position\":1,\"name\":\"Portada\",\"item\":\"https:\/\/danielgomezpsicologia.com\/\"},{\"@type\":\"ListItem\",\"position\":2,\"name\":\"Inici\"}]},{\"@type\":\"WebSite\",\"@id\":\"https:\/\/danielgomezpsicologia.com\/#website\",\"url\":\"https:\/\/danielgomezpsicologia.com\/\",\"name\":\"Daniel Gomez | Psic\u00f3logo en Reus\",\"description\":\"Licenciado en Psicolog\u00eda, Terapeuta Gestalt, Experto en Terapia Familiar y de Pareja y M\u00e1ster en psicolog\u00eda cl\u00ednica desde el modelo Cognitivo-conductual.\",\"publisher\":{\"@id\":\"https:\/\/danielgomezpsicologia.com\/#\/schema\/person\/cb6f5480e13dd5604bf8b9c3e08ede6c\"},\"potentialAction\":[{\"@type\":\"SearchAction\",\"target\":{\"@type\":\"EntryPoint\",\"urlTemplate\":\"https:\/\/danielgomezpsicologia.com\/?s={search_term_string}\"},\"query-input\":{\"@type\":\"PropertyValueSpecification\",\"valueRequired\":true,\"valueName\":\"search_term_string\"}}],\"inLanguage\":\"ca\"},{\"@type\":[\"Person\",\"Organization\"],\"@id\":\"https:\/\/danielgomezpsicologia.com\/#\/schema\/person\/cb6f5480e13dd5604bf8b9c3e08ede6c\",\"name\":\"Daniel G\u00f3mez\",\"image\":{\"@type\":\"ImageObject\",\"inLanguage\":\"ca\",\"@id\":\"https:\/\/danielgomezpsicologia.com\/#\/schema\/person\/image\/\",\"url\":\"https:\/\/danielgomezpsicologia.com\/wp-content\/litespeed\/avatar\/f499f3c8b78d4e5a9f787576c97aff85.jpg?ver=1776193804\",\"contentUrl\":\"https:\/\/danielgomezpsicologia.com\/wp-content\/litespeed\/avatar\/f499f3c8b78d4e5a9f787576c97aff85.jpg?ver=1776193804\",\"caption\":\"Daniel G\u00f3mez\"},\"logo\":{\"@id\":\"https:\/\/danielgomezpsicologia.com\/#\/schema\/person\/image\/\"}}]}<\/script>\n<!-- \/ Yoast SEO plugin. -->","yoast_head_json":{"title":"Daniel Gomez | Psicolog\u00eda en Reus y Tarragona.","description":"Llicenciat en Psicologia, Terapeuta Gestalt, Expert en Ter\u00e0pia Familiar i de Parella i M\u00e0ster en psicologia cl\u00ednica des del model Cognitiu-conductual.","robots":{"index":"index","follow":"follow","max-snippet":"max-snippet:-1","max-image-preview":"max-image-preview:large","max-video-preview":"max-video-preview:-1"},"canonical":"https:\/\/danielgomezpsicologia.com\/","og_locale":"ca_ES","og_type":"article","og_title":"Daniel Gomez | Psicolog\u00eda en Reus y Tarragona.","og_description":"Llicenciat en Psicologia, Terapeuta Gestalt, Expert en Ter\u00e0pia Familiar i de Parella i M\u00e0ster en psicologia cl\u00ednica des del model Cognitiu-conductual.","og_url":"https:\/\/danielgomezpsicologia.com\/","og_site_name":"Daniel Gomez | Psic\u00f3logo en Reus","article_modified_time":"2019-08-19T17:10:05+00:00","twitter_card":"summary_large_image","twitter_misc":{"Temps estimat de lectura":"1 minut"},"schema":{"@context":"https:\/\/schema.org","@graph":[{"@type":"WebPage","@id":"https:\/\/danielgomezpsicologia.com\/","url":"https:\/\/danielgomezpsicologia.com\/","name":"Daniel Gomez | Psicolog\u00eda en Reus y Tarragona.","isPartOf":{"@id":"https:\/\/danielgomezpsicologia.com\/#website"},"datePublished":"2015-07-10T15:29:12+00:00","dateModified":"2019-08-19T17:10:05+00:00","description":"Llicenciat en Psicologia, Terapeuta Gestalt, Expert en Ter\u00e0pia Familiar i de Parella i M\u00e0ster en psicologia cl\u00ednica des del model Cognitiu-conductual.","breadcrumb":{"@id":"https:\/\/danielgomezpsicologia.com\/#breadcrumb"},"inLanguage":"ca","potentialAction":[{"@type":"ReadAction","target":["https:\/\/danielgomezpsicologia.com\/"]}]},{"@type":"BreadcrumbList","@id":"https:\/\/danielgomezpsicologia.com\/#breadcrumb","itemListElement":[{"@type":"ListItem","position":1,"name":"Portada","item":"https:\/\/danielgomezpsicologia.com\/"},{"@type":"ListItem","position":2,"name":"Inici"}]},{"@type":"WebSite","@id":"https:\/\/danielgomezpsicologia.com\/#website","url":"https:\/\/danielgomezpsicologia.com\/","name":"Daniel Gomez | Psic\u00f3logo en Reus","description":"Licenciado en Psicolog\u00eda, Terapeuta Gestalt, Experto en Terapia Familiar y de Pareja y M\u00e1ster en psicolog\u00eda cl\u00ednica desde el modelo Cognitivo-conductual.","publisher":{"@id":"https:\/\/danielgomezpsicologia.com\/#\/schema\/person\/cb6f5480e13dd5604bf8b9c3e08ede6c"},"potentialAction":[{"@type":"SearchAction","target":{"@type":"EntryPoint","urlTemplate":"https:\/\/danielgomezpsicologia.com\/?s={search_term_string}"},"query-input":{"@type":"PropertyValueSpecification","valueRequired":true,"valueName":"search_term_string"}}],"inLanguage":"ca"},{"@type":["Person","Organization"],"@id":"https:\/\/danielgomezpsicologia.com\/#\/schema\/person\/cb6f5480e13dd5604bf8b9c3e08ede6c","name":"Daniel G\u00f3mez","image":{"@type":"ImageObject","inLanguage":"ca","@id":"https:\/\/danielgomezpsicologia.com\/#\/schema\/person\/image\/","url":"https:\/\/danielgomezpsicologia.com\/wp-content\/litespeed\/avatar\/f499f3c8b78d4e5a9f787576c97aff85.jpg?ver=1776193804","contentUrl":"https:\/\/danielgomezpsicologia.com\/wp-content\/litespeed\/avatar\/f499f3c8b78d4e5a9f787576c97aff85.jpg?ver=1776193804","caption":"Daniel G\u00f3mez"},"logo":{"@id":"https:\/\/danielgomezpsicologia.com\/#\/schema\/person\/image\/"}}]}},"_links":{"self":[{"href":"https:\/\/danielgomezpsicologia.com\/ca\/wp-json\/wp\/v2\/pages\/1093","targetHints":{"allow":["GET"]}}],"collection":[{"href":"https:\/\/danielgomezpsicologia.com\/ca\/wp-json\/wp\/v2\/pages"}],"about":[{"href":"https:\/\/danielgomezpsicologia.com\/ca\/wp-json\/wp\/v2\/types\/page"}],"author":[{"embeddable":true,"href":"https:\/\/danielgomezpsicologia.com\/ca\/wp-json\/wp\/v2\/users\/3"}],"replies":[{"embeddable":true,"href":"https:\/\/danielgomezpsicologia.com\/ca\/wp-json\/wp\/v2\/comments?post=1093"}],"version-history":[{"count":20,"href":"https:\/\/danielgomezpsicologia.com\/ca\/wp-json\/wp\/v2\/pages\/1093\/revisions"}],"predecessor-version":[{"id":1482,"href":"https:\/\/danielgomezpsicologia.com\/ca\/wp-json\/wp\/v2\/pages\/1093\/revisions\/1482"}],"wp:attachment":[{"href":"https:\/\/danielgomezpsicologia.com\/ca\/wp-json\/wp\/v2\/media?parent=1093"}],"curies":[{"name":"wp","href":"https:\/\/api.w.org\/{rel}","templated":true}]}}