{"id":1177,"date":"2015-08-16T12:43:36","date_gmt":"2015-08-16T12:43:36","guid":{"rendered":"http:\/\/danielgomezpsicologia.com\/ca\/contacto\/"},"modified":"2016-09-27T15:27:13","modified_gmt":"2016-09-27T15:27:13","slug":"contacte","status":"publish","type":"page","link":"https:\/\/danielgomezpsicologia.com\/ca\/contacte\/","title":{"rendered":"Contacte"},"content":{"rendered":"<div class=\"wpb-content-wrapper\"><p>[vc_row full_width=&#8221;stretch_row&#8221;][vc_column css=&#8221;.vc_custom_1474974411953{border-top-width: 50px !important;}&#8221;][contact-form-7 id=&#8221;1179&#8243;][\/vc_column][\/vc_row]<\/p>\n<\/div>","protected":false},"excerpt":{"rendered":"<p>[vc_row full_width=&#8221;stretch_row&#8221;][vc_column css=&#8221;.vc_custom_1474974411953{border-top-width: 50px !important;}&#8221;][contact-form-7 id=&#8221;1179&#8243;][\/vc_column][\/vc_row]<\/p>\n","protected":false},"author":3,"featured_media":0,"parent":0,"menu_order":0,"comment_status":"closed","ping_status":"closed","template":"","meta":{"footnotes":""},"class_list":["post-1177","page","type-page","status-publish","hentry"],"yoast_head":"<!-- This site is optimized with the Yoast SEO plugin v27.0 - https:\/\/yoast.com\/product\/yoast-seo-wordpress\/ -->\n<title>Contacte | Daniel Gomez | Psic\u00f3logo en Reus<\/title>\n<meta name=\"description\" content=\"Contacte | Daniel Gomez | Psic\u00f3logo en Reus\" \/>\n<meta name=\"robots\" content=\"index, follow, max-snippet:-1, max-image-preview:large, max-video-preview:-1\" \/>\n<link rel=\"canonical\" href=\"https:\/\/danielgomezpsicologia.com\/contacto\/\" \/>\n<meta property=\"og:locale\" content=\"ca_ES\" \/>\n<meta property=\"og:type\" content=\"article\" \/>\n<meta property=\"og:title\" content=\"Contacte | Daniel Gomez | Psic\u00f3logo en Reus\" \/>\n<meta property=\"og:description\" content=\"Contacte | Daniel Gomez | Psic\u00f3logo en Reus\" \/>\n<meta property=\"og:url\" content=\"https:\/\/danielgomezpsicologia.com\/contacto\/\" \/>\n<meta property=\"og:site_name\" content=\"Daniel Gomez | Psic\u00f3logo en Reus\" \/>\n<meta property=\"article:modified_time\" content=\"2016-09-27T15:27:13+00:00\" \/>\n<meta name=\"twitter:card\" content=\"summary_large_image\" \/>\n<script type=\"application\/ld+json\" class=\"yoast-schema-graph\">{\"@context\":\"https:\/\/schema.org\",\"@graph\":[{\"@type\":\"WebPage\",\"@id\":\"https:\/\/danielgomezpsicologia.com\/contacto\/\",\"url\":\"https:\/\/danielgomezpsicologia.com\/contacto\/\",\"name\":\"Contacte | Daniel Gomez | Psic\u00f3logo en Reus\",\"isPartOf\":{\"@id\":\"https:\/\/danielgomezpsicologia.com\/#website\"},\"datePublished\":\"2015-08-16T12:43:36+00:00\",\"dateModified\":\"2016-09-27T15:27:13+00:00\",\"description\":\"Contacte | Daniel Gomez | Psic\u00f3logo en Reus\",\"breadcrumb\":{\"@id\":\"https:\/\/danielgomezpsicologia.com\/contacto\/#breadcrumb\"},\"inLanguage\":\"ca\",\"potentialAction\":[{\"@type\":\"ReadAction\",\"target\":[\"https:\/\/danielgomezpsicologia.com\/contacto\/\"]}]},{\"@type\":\"BreadcrumbList\",\"@id\":\"https:\/\/danielgomezpsicologia.com\/contacto\/#breadcrumb\",\"itemListElement\":[{\"@type\":\"ListItem\",\"position\":1,\"name\":\"Portada\",\"item\":\"https:\/\/danielgomezpsicologia.com\/\"},{\"@type\":\"ListItem\",\"position\":2,\"name\":\"Contacte\"}]},{\"@type\":\"WebSite\",\"@id\":\"https:\/\/danielgomezpsicologia.com\/#website\",\"url\":\"https:\/\/danielgomezpsicologia.com\/\",\"name\":\"Daniel Gomez | Psic\u00f3logo en Reus\",\"description\":\"Licenciado en Psicolog\u00eda, Terapeuta Gestalt, Experto en Terapia Familiar y de Pareja y M\u00e1ster en psicolog\u00eda cl\u00ednica desde el modelo Cognitivo-conductual.\",\"publisher\":{\"@id\":\"https:\/\/danielgomezpsicologia.com\/#\/schema\/person\/cb6f5480e13dd5604bf8b9c3e08ede6c\"},\"potentialAction\":[{\"@type\":\"SearchAction\",\"target\":{\"@type\":\"EntryPoint\",\"urlTemplate\":\"https:\/\/danielgomezpsicologia.com\/?s={search_term_string}\"},\"query-input\":{\"@type\":\"PropertyValueSpecification\",\"valueRequired\":true,\"valueName\":\"search_term_string\"}}],\"inLanguage\":\"ca\"},{\"@type\":[\"Person\",\"Organization\"],\"@id\":\"https:\/\/danielgomezpsicologia.com\/#\/schema\/person\/cb6f5480e13dd5604bf8b9c3e08ede6c\",\"name\":\"Daniel G\u00f3mez\",\"image\":{\"@type\":\"ImageObject\",\"inLanguage\":\"ca\",\"@id\":\"https:\/\/danielgomezpsicologia.com\/#\/schema\/person\/image\/\",\"url\":\"https:\/\/danielgomezpsicologia.com\/wp-content\/litespeed\/avatar\/f499f3c8b78d4e5a9f787576c97aff85.jpg?ver=1777404477\",\"contentUrl\":\"https:\/\/danielgomezpsicologia.com\/wp-content\/litespeed\/avatar\/f499f3c8b78d4e5a9f787576c97aff85.jpg?ver=1777404477\",\"caption\":\"Daniel G\u00f3mez\"},\"logo\":{\"@id\":\"https:\/\/danielgomezpsicologia.com\/#\/schema\/person\/image\/\"}}]}<\/script>\n<!-- \/ Yoast SEO plugin. -->","yoast_head_json":{"title":"Contacte | Daniel Gomez | Psic\u00f3logo en Reus","description":"Contacte | Daniel Gomez | Psic\u00f3logo en Reus","robots":{"index":"index","follow":"follow","max-snippet":"max-snippet:-1","max-image-preview":"max-image-preview:large","max-video-preview":"max-video-preview:-1"},"canonical":"https:\/\/danielgomezpsicologia.com\/contacto\/","og_locale":"ca_ES","og_type":"article","og_title":"Contacte | Daniel Gomez | Psic\u00f3logo en Reus","og_description":"Contacte | Daniel Gomez | Psic\u00f3logo en Reus","og_url":"https:\/\/danielgomezpsicologia.com\/contacto\/","og_site_name":"Daniel Gomez | Psic\u00f3logo en Reus","article_modified_time":"2016-09-27T15:27:13+00:00","twitter_card":"summary_large_image","schema":{"@context":"https:\/\/schema.org","@graph":[{"@type":"WebPage","@id":"https:\/\/danielgomezpsicologia.com\/contacto\/","url":"https:\/\/danielgomezpsicologia.com\/contacto\/","name":"Contacte | Daniel Gomez | Psic\u00f3logo en Reus","isPartOf":{"@id":"https:\/\/danielgomezpsicologia.com\/#website"},"datePublished":"2015-08-16T12:43:36+00:00","dateModified":"2016-09-27T15:27:13+00:00","description":"Contacte | Daniel Gomez | Psic\u00f3logo en Reus","breadcrumb":{"@id":"https:\/\/danielgomezpsicologia.com\/contacto\/#breadcrumb"},"inLanguage":"ca","potentialAction":[{"@type":"ReadAction","target":["https:\/\/danielgomezpsicologia.com\/contacto\/"]}]},{"@type":"BreadcrumbList","@id":"https:\/\/danielgomezpsicologia.com\/contacto\/#breadcrumb","itemListElement":[{"@type":"ListItem","position":1,"name":"Portada","item":"https:\/\/danielgomezpsicologia.com\/"},{"@type":"ListItem","position":2,"name":"Contacte"}]},{"@type":"WebSite","@id":"https:\/\/danielgomezpsicologia.com\/#website","url":"https:\/\/danielgomezpsicologia.com\/","name":"Daniel Gomez | Psic\u00f3logo en Reus","description":"Licenciado en Psicolog\u00eda, Terapeuta Gestalt, Experto en Terapia Familiar y de Pareja y M\u00e1ster en psicolog\u00eda cl\u00ednica desde el modelo Cognitivo-conductual.","publisher":{"@id":"https:\/\/danielgomezpsicologia.com\/#\/schema\/person\/cb6f5480e13dd5604bf8b9c3e08ede6c"},"potentialAction":[{"@type":"SearchAction","target":{"@type":"EntryPoint","urlTemplate":"https:\/\/danielgomezpsicologia.com\/?s={search_term_string}"},"query-input":{"@type":"PropertyValueSpecification","valueRequired":true,"valueName":"search_term_string"}}],"inLanguage":"ca"},{"@type":["Person","Organization"],"@id":"https:\/\/danielgomezpsicologia.com\/#\/schema\/person\/cb6f5480e13dd5604bf8b9c3e08ede6c","name":"Daniel G\u00f3mez","image":{"@type":"ImageObject","inLanguage":"ca","@id":"https:\/\/danielgomezpsicologia.com\/#\/schema\/person\/image\/","url":"https:\/\/danielgomezpsicologia.com\/wp-content\/litespeed\/avatar\/f499f3c8b78d4e5a9f787576c97aff85.jpg?ver=1777404477","contentUrl":"https:\/\/danielgomezpsicologia.com\/wp-content\/litespeed\/avatar\/f499f3c8b78d4e5a9f787576c97aff85.jpg?ver=1777404477","caption":"Daniel G\u00f3mez"},"logo":{"@id":"https:\/\/danielgomezpsicologia.com\/#\/schema\/person\/image\/"}}]}},"_links":{"self":[{"href":"https:\/\/danielgomezpsicologia.com\/ca\/wp-json\/wp\/v2\/pages\/1177","targetHints":{"allow":["GET"]}}],"collection":[{"href":"https:\/\/danielgomezpsicologia.com\/ca\/wp-json\/wp\/v2\/pages"}],"about":[{"href":"https:\/\/danielgomezpsicologia.com\/ca\/wp-json\/wp\/v2\/types\/page"}],"author":[{"embeddable":true,"href":"https:\/\/danielgomezpsicologia.com\/ca\/wp-json\/wp\/v2\/users\/3"}],"replies":[{"embeddable":true,"href":"https:\/\/danielgomezpsicologia.com\/ca\/wp-json\/wp\/v2\/comments?post=1177"}],"version-history":[{"count":3,"href":"https:\/\/danielgomezpsicologia.com\/ca\/wp-json\/wp\/v2\/pages\/1177\/revisions"}],"predecessor-version":[{"id":1182,"href":"https:\/\/danielgomezpsicologia.com\/ca\/wp-json\/wp\/v2\/pages\/1177\/revisions\/1182"}],"wp:attachment":[{"href":"https:\/\/danielgomezpsicologia.com\/ca\/wp-json\/wp\/v2\/media?parent=1177"}],"curies":[{"name":"wp","href":"https:\/\/api.w.org\/{rel}","templated":true}]}}